{"id":26,"date":"2020-03-31T15:12:59","date_gmt":"2020-03-31T13:12:59","guid":{"rendered":"https:\/\/test.kopernikus.at\/?page_id=26"},"modified":"2022-01-19T11:41:12","modified_gmt":"2022-01-19T10:41:12","slug":"unternehmen","status":"publish","type":"page","link":"https:\/\/kopernikus.at\/en\/unternehmen\/","title":{"rendered":"Company"},"content":{"rendered":"<div data-elementor-type=\"wp-page\" data-elementor-id=\"26\" class=\"elementor elementor-26\">\n\t\t\t\t\t\t<section class=\"elementor-section elementor-top-section elementor-element elementor-element-689ac21 elementor-section-boxed elementor-section-height-default elementor-section-height-default\" data-id=\"689ac21\" data-element_type=\"section\">\n\t\t\t\t\t\t<div class=\"elementor-container elementor-column-gap-default\">\n\t\t\t\t\t<div class=\"elementor-column elementor-col-100 elementor-top-column elementor-element elementor-element-32641ab\" data-id=\"32641ab\" data-element_type=\"column\" data-settings=\"{&quot;background_background&quot;:&quot;classic&quot;}\">\n\t\t\t<div class=\"elementor-widget-wrap elementor-element-populated\">\n\t\t\t\t\t\t<div class=\"elementor-element elementor-element-a492008 elementor-widget elementor-widget-heading\" data-id=\"a492008\" data-element_type=\"widget\" data-widget_type=\"heading.default\">\n\t\t\t\t<div class=\"elementor-widget-container\">\n\t\t\t\t\t<h2 class=\"elementor-heading-title elementor-size-default\">Kopernikus IT Systems\n<\/h2>\t\t\t\t<\/div>\n\t\t\t\t<\/div>\n\t\t\t\t<div class=\"elementor-element elementor-element-23a4663 elementor-widget elementor-widget-heading\" data-id=\"23a4663\" data-element_type=\"widget\" data-widget_type=\"heading.default\">\n\t\t\t\t<div class=\"elementor-widget-container\">\n\t\t\t\t\t<h4 class=\"elementor-heading-title elementor-size-default\">Systems engineering solutions since 1999<\/h4>\t\t\t\t<\/div>\n\t\t\t\t<\/div>\n\t\t\t\t<div class=\"elementor-element elementor-element-fc081c6 elementor-widget elementor-widget-text-editor\" data-id=\"fc081c6\" data-element_type=\"widget\" data-widget_type=\"text-editor.default\">\n\t\t\t\t<div class=\"elementor-widget-container\">\n\t\t\t\t\t\t\t\t\t<p>For more than 20 years, Kopernikus IT Systems GmbH has stood for quality, sustainable, reliable\npartnerships and customer relationships with a handshake seal of commitment in the IT landscape of\nAustria, Europe and far beyond the borders of our continent.<\/p><p>Our customers trust in our up-to-date IT know-how combined with an expertise in economic matters, our reliability, our discretion and the fact that Kopernikus IT Systems GmbH always focuses on the fact that IT simply has to work for the customers. Today. Tomorrow. Always.<\/p>\t\t\t\t\t\t\t\t<\/div>\n\t\t\t\t<\/div>\n\t\t\t\t\t<\/div>\n\t\t<\/div>\n\t\t\t\t\t<\/div>\n\t\t<\/section>\n\t\t\t\t<\/div>","protected":false},"excerpt":{"rendered":"<p>Kopernikus IT Systems Systemtechnik-L\u00f6sungen seit 1999 Die Firma Kopernikus IT Systems GmbH steht seit \u00fcber 20 Jahren f\u00fcr Qualit\u00e4t und nachhaltige, verl\u00e4ssliche Partnerschaften und Kundenbeziehungen mit Handschlagsqualit\u00e4t in der IT Landschaft \u00d6sterreichs, Europas und auch weit \u00fcber die Grenzen unseres Kontinents hinaus. Unsere Kunden vertrauen auf unser aktuelles IT-Know How kombiniert mit einer Expertise in &hellip;<\/p>\n<p class=\"read-more\"> <a class=\"\" href=\"https:\/\/kopernikus.at\/en\/unternehmen\/\"> <span class=\"screen-reader-text\">Company<\/span> Read More &raquo;<\/a><\/p>","protected":false},"author":1,"featured_media":0,"parent":0,"menu_order":0,"comment_status":"closed","ping_status":"closed","template":"page-kompetenzen.php","meta":{"_acf_changed":false,"site-sidebar-layout":"no-sidebar","site-content-layout":"page-builder","ast-global-header-display":"","ast-main-header-display":"","ast-hfb-above-header-display":"","ast-hfb-below-header-display":"","ast-hfb-mobile-header-display":"","site-post-title":"disabled","ast-breadcrumbs-content":"","ast-featured-img":"disabled","footer-sml-layout":"","theme-transparent-header-meta":"default","adv-header-id-meta":"","stick-header-meta":"","header-above-stick-meta":"","header-main-stick-meta":"","header-below-stick-meta":"","footnotes":""},"class_list":["post-26","page","type-page","status-publish","hentry"],"acf":[],"_links":{"self":[{"href":"https:\/\/kopernikus.at\/en\/wp-json\/wp\/v2\/pages\/26","targetHints":{"allow":["GET"]}}],"collection":[{"href":"https:\/\/kopernikus.at\/en\/wp-json\/wp\/v2\/pages"}],"about":[{"href":"https:\/\/kopernikus.at\/en\/wp-json\/wp\/v2\/types\/page"}],"author":[{"embeddable":true,"href":"https:\/\/kopernikus.at\/en\/wp-json\/wp\/v2\/users\/1"}],"replies":[{"embeddable":true,"href":"https:\/\/kopernikus.at\/en\/wp-json\/wp\/v2\/comments?post=26"}],"version-history":[{"count":58,"href":"https:\/\/kopernikus.at\/en\/wp-json\/wp\/v2\/pages\/26\/revisions"}],"predecessor-version":[{"id":1015,"href":"https:\/\/kopernikus.at\/en\/wp-json\/wp\/v2\/pages\/26\/revisions\/1015"}],"wp:attachment":[{"href":"https:\/\/kopernikus.at\/en\/wp-json\/wp\/v2\/media?parent=26"}],"curies":[{"name":"wp","href":"https:\/\/api.w.org\/{rel}","templated":true}]}}