{"id":1312,"date":"2022-03-09T20:35:33","date_gmt":"2022-03-09T19:35:33","guid":{"rendered":"https:\/\/test.kopernikus.at\/?page_id=1312"},"modified":"2022-09-12T17:49:10","modified_gmt":"2022-09-12T15:49:10","slug":"startseite","status":"publish","type":"page","link":"https:\/\/kopernikus.at\/en\/","title":{"rendered":"Startseite"},"content":{"rendered":"<div data-elementor-type=\"wp-page\" data-elementor-id=\"1312\" class=\"elementor elementor-1312\">\n\t\t\t\t\t\t<section class=\"elementor-section elementor-top-section elementor-element elementor-element-41fcc0e elementor-section-full_width elementor-section-height-min-height elementor-section-stretched elementor-section-height-default elementor-section-items-middle\" data-id=\"41fcc0e\" data-element_type=\"section\" data-settings=\"{&quot;stretch_section&quot;:&quot;section-stretched&quot;,&quot;background_background&quot;:&quot;classic&quot;}\">\n\t\t\t\t\t\t<div class=\"elementor-container elementor-column-gap-default\">\n\t\t\t\t\t<div class=\"elementor-column elementor-col-100 elementor-top-column elementor-element elementor-element-630ddab\" data-id=\"630ddab\" data-element_type=\"column\">\n\t\t\t<div class=\"elementor-widget-wrap elementor-element-populated\">\n\t\t\t\t\t\t<div class=\"elementor-element elementor-element-5e72007 elementor-widget elementor-widget-heading\" data-id=\"5e72007\" data-element_type=\"widget\" data-widget_type=\"heading.default\">\n\t\t\t\t<div class=\"elementor-widget-container\">\n\t\t\t\t\t<h2 class=\"elementor-heading-title elementor-size-default\">Professional IT Services<\/h2>\t\t\t\t<\/div>\n\t\t\t\t<\/div>\n\t\t\t\t<div class=\"elementor-element elementor-element-b8e07c7 elementor-widget elementor-widget-heading\" data-id=\"b8e07c7\" data-element_type=\"widget\" data-widget_type=\"heading.default\">\n\t\t\t\t<div class=\"elementor-widget-container\">\n\t\t\t\t\t<h3 class=\"elementor-heading-title elementor-size-default\">Benefit from 25 years of experience<\/h3>\t\t\t\t<\/div>\n\t\t\t\t<\/div>\n\t\t\t\t\t<\/div>\n\t\t<\/div>\n\t\t\t\t\t<\/div>\n\t\t<\/section>\n\t\t\t\t<section class=\"elementor-section elementor-top-section elementor-element elementor-element-ee73f1e elementor-section-boxed elementor-section-height-default elementor-section-height-default\" data-id=\"ee73f1e\" data-element_type=\"section\">\n\t\t\t\t\t\t<div class=\"elementor-container elementor-column-gap-no\">\n\t\t\t\t\t<div class=\"elementor-column elementor-col-33 elementor-top-column elementor-element elementor-element-81546b1\" data-id=\"81546b1\" data-element_type=\"column\" data-settings=\"{&quot;background_background&quot;:&quot;classic&quot;}\">\n\t\t\t<div class=\"elementor-widget-wrap elementor-element-populated\">\n\t\t\t\t\t\t<div class=\"elementor-element elementor-element-34cf140 elementor-widget elementor-widget-image\" data-id=\"34cf140\" data-element_type=\"widget\" data-widget_type=\"image.default\">\n\t\t\t\t<div class=\"elementor-widget-container\">\n\t\t\t\t\t\t\t\t\t\t\t\t\t\t\t<img fetchpriority=\"high\" decoding=\"async\" width=\"300\" height=\"300\" src=\"https:\/\/kopernikus.at\/wp-content\/uploads\/2020\/04\/network-01.svg\" class=\"attachment-medium size-medium wp-image-599\" alt=\"\" srcset=\"https:\/\/kopernikus.at\/wp-content\/uploads\/\/2020\/04\/network-01.svg 150w, https:\/\/kopernikus.at\/wp-content\/uploads\/\/2020\/04\/network-01.svg 300w, https:\/\/kopernikus.at\/wp-content\/uploads\/\/2020\/04\/network-01.svg 1024w, https:\/\/kopernikus.at\/wp-content\/uploads\/\/2020\/04\/network-01.svg 1536w, https:\/\/kopernikus.at\/wp-content\/uploads\/\/2020\/04\/network-01.svg 2048w, https:\/\/kopernikus.at\/wp-content\/uploads\/\/2020\/04\/network-01.svg 91w\" sizes=\"(max-width: 300px) 100vw, 300px\" \/>\t\t\t\t\t\t\t\t\t\t\t\t\t\t\t<\/div>\n\t\t\t\t<\/div>\n\t\t\t\t<div class=\"elementor-element elementor-element-f38732b elementor-widget elementor-widget-heading\" data-id=\"f38732b\" data-element_type=\"widget\" data-widget_type=\"heading.default\">\n\t\t\t\t<div class=\"elementor-widget-container\">\n\t\t\t\t\t<h2 class=\"elementor-heading-title elementor-size-default\">Jobs<\/h2>\t\t\t\t<\/div>\n\t\t\t\t<\/div>\n\t\t\t\t<div class=\"elementor-element elementor-element-14ec600 elementor-widget elementor-widget-text-editor\" data-id=\"14ec600\" data-element_type=\"widget\" data-widget_type=\"text-editor.default\">\n\t\t\t\t<div class=\"elementor-widget-container\">\n\t\t\t\t\t\t\t\t\t<p>Looking for a new challenge in IT?<\/p>\t\t\t\t\t\t\t\t<\/div>\n\t\t\t\t<\/div>\n\t\t\t\t<div class=\"elementor-element elementor-element-29170e9 elementor-align-right elementor-widget elementor-widget-button\" data-id=\"29170e9\" data-element_type=\"widget\" data-widget_type=\"button.default\">\n\t\t\t\t<div class=\"elementor-widget-container\">\n\t\t\t\t\t\t\t\t\t<div class=\"elementor-button-wrapper\">\n\t\t\t\t\t<a class=\"elementor-button elementor-button-link elementor-size-sm\" href=\"https:\/\/kopernikus.at\/en\/unternehmen\/jobs\/\">\n\t\t\t\t\t\t<span class=\"elementor-button-content-wrapper\">\n\t\t\t\t\t\t\t\t\t<span class=\"elementor-button-text\">More<\/span>\n\t\t\t\t\t<\/span>\n\t\t\t\t\t<\/a>\n\t\t\t\t<\/div>\n\t\t\t\t\t\t\t\t<\/div>\n\t\t\t\t<\/div>\n\t\t\t\t\t<\/div>\n\t\t<\/div>\n\t\t\t\t<div class=\"elementor-column elementor-col-33 elementor-top-column elementor-element elementor-element-e0c6f7f\" data-id=\"e0c6f7f\" data-element_type=\"column\" data-settings=\"{&quot;background_background&quot;:&quot;classic&quot;}\">\n\t\t\t<div class=\"elementor-widget-wrap elementor-element-populated\">\n\t\t\t\t\t\t<div class=\"elementor-element elementor-element-d23b008 elementor-widget elementor-widget-image\" data-id=\"d23b008\" data-element_type=\"widget\" data-widget_type=\"image.default\">\n\t\t\t\t<div class=\"elementor-widget-container\">\n\t\t\t\t\t\t\t\t\t\t\t\t\t\t\t<img decoding=\"async\" width=\"1024\" height=\"1024\" src=\"https:\/\/kopernikus.at\/wp-content\/uploads\/2020\/04\/internet1.svg\" class=\"attachment-large size-large wp-image-602\" alt=\"\" srcset=\"https:\/\/kopernikus.at\/wp-content\/uploads\/\/2020\/04\/internet1.svg 150w, https:\/\/kopernikus.at\/wp-content\/uploads\/\/2020\/04\/internet1.svg 300w, https:\/\/kopernikus.at\/wp-content\/uploads\/\/2020\/04\/internet1.svg 1024w, https:\/\/kopernikus.at\/wp-content\/uploads\/\/2020\/04\/internet1.svg 1536w, https:\/\/kopernikus.at\/wp-content\/uploads\/\/2020\/04\/internet1.svg 2048w, https:\/\/kopernikus.at\/wp-content\/uploads\/\/2020\/04\/internet1.svg 91w\" sizes=\"(max-width: 1024px) 100vw, 1024px\" \/>\t\t\t\t\t\t\t\t\t\t\t\t\t\t\t<\/div>\n\t\t\t\t<\/div>\n\t\t\t\t<div class=\"elementor-element elementor-element-4f74438 elementor-widget elementor-widget-heading\" data-id=\"4f74438\" data-element_type=\"widget\" data-widget_type=\"heading.default\">\n\t\t\t\t<div class=\"elementor-widget-container\">\n\t\t\t\t\t<h2 class=\"elementor-heading-title elementor-size-default\">Services<\/h2>\t\t\t\t<\/div>\n\t\t\t\t<\/div>\n\t\t\t\t<div class=\"elementor-element elementor-element-f93192d elementor-widget elementor-widget-text-editor\" data-id=\"f93192d\" data-element_type=\"widget\" data-widget_type=\"text-editor.default\">\n\t\t\t\t<div class=\"elementor-widget-container\">\n\t\t\t\t\t\t\t\t\t<p>For you it's about more than IT and for us it's about you.<\/p>\t\t\t\t\t\t\t\t<\/div>\n\t\t\t\t<\/div>\n\t\t\t\t<div class=\"elementor-element elementor-element-1c70740 elementor-align-right elementor-widget elementor-widget-button\" data-id=\"1c70740\" data-element_type=\"widget\" data-widget_type=\"button.default\">\n\t\t\t\t<div class=\"elementor-widget-container\">\n\t\t\t\t\t\t\t\t\t<div class=\"elementor-button-wrapper\">\n\t\t\t\t\t<a class=\"elementor-button elementor-button-link elementor-size-sm\" href=\"https:\/\/kopernikus.at\/en\/services\/\">\n\t\t\t\t\t\t<span class=\"elementor-button-content-wrapper\">\n\t\t\t\t\t\t\t\t\t<span class=\"elementor-button-text\">More<\/span>\n\t\t\t\t\t<\/span>\n\t\t\t\t\t<\/a>\n\t\t\t\t<\/div>\n\t\t\t\t\t\t\t\t<\/div>\n\t\t\t\t<\/div>\n\t\t\t\t\t<\/div>\n\t\t<\/div>\n\t\t\t\t<div class=\"elementor-column elementor-col-33 elementor-top-column elementor-element elementor-element-98f637e\" data-id=\"98f637e\" data-element_type=\"column\" data-settings=\"{&quot;background_background&quot;:&quot;classic&quot;}\">\n\t\t\t<div class=\"elementor-widget-wrap elementor-element-populated\">\n\t\t\t\t\t\t<div class=\"elementor-element elementor-element-1b756c3 elementor-widget elementor-widget-image\" data-id=\"1b756c3\" data-element_type=\"widget\" data-widget_type=\"image.default\">\n\t\t\t\t<div class=\"elementor-widget-container\">\n\t\t\t\t\t\t\t\t\t\t\t\t\t\t\t<img decoding=\"async\" width=\"1024\" height=\"1024\" src=\"https:\/\/kopernikus.at\/wp-content\/uploads\/2020\/04\/internet1.svg\" class=\"attachment-large size-large wp-image-602\" alt=\"\" srcset=\"https:\/\/kopernikus.at\/wp-content\/uploads\/\/2020\/04\/internet1.svg 150w, https:\/\/kopernikus.at\/wp-content\/uploads\/\/2020\/04\/internet1.svg 300w, https:\/\/kopernikus.at\/wp-content\/uploads\/\/2020\/04\/internet1.svg 1024w, https:\/\/kopernikus.at\/wp-content\/uploads\/\/2020\/04\/internet1.svg 1536w, https:\/\/kopernikus.at\/wp-content\/uploads\/\/2020\/04\/internet1.svg 2048w, https:\/\/kopernikus.at\/wp-content\/uploads\/\/2020\/04\/internet1.svg 91w\" sizes=\"(max-width: 1024px) 100vw, 1024px\" \/>\t\t\t\t\t\t\t\t\t\t\t\t\t\t\t<\/div>\n\t\t\t\t<\/div>\n\t\t\t\t<div class=\"elementor-element elementor-element-2eaad5a elementor-widget elementor-widget-heading\" data-id=\"2eaad5a\" data-element_type=\"widget\" data-widget_type=\"heading.default\">\n\t\t\t\t<div class=\"elementor-widget-container\">\n\t\t\t\t\t<h2 class=\"elementor-heading-title elementor-size-default\">Skills<\/h2>\t\t\t\t<\/div>\n\t\t\t\t<\/div>\n\t\t\t\t<div class=\"elementor-element elementor-element-fdb13bf elementor-widget elementor-widget-text-editor\" data-id=\"fdb13bf\" data-element_type=\"widget\" data-widget_type=\"text-editor.default\">\n\t\t\t\t<div class=\"elementor-widget-container\">\n\t\t\t\t\t\t\t\t\t<p>We support you in all IT tasks!<\/p>\t\t\t\t\t\t\t\t<\/div>\n\t\t\t\t<\/div>\n\t\t\t\t<div class=\"elementor-element elementor-element-4043385 elementor-align-right elementor-widget elementor-widget-button\" data-id=\"4043385\" data-element_type=\"widget\" data-widget_type=\"button.default\">\n\t\t\t\t<div class=\"elementor-widget-container\">\n\t\t\t\t\t\t\t\t\t<div class=\"elementor-button-wrapper\">\n\t\t\t\t\t<a class=\"elementor-button elementor-button-link elementor-size-sm\" href=\"https:\/\/kopernikus.at\/en\/kompetenzen\/\">\n\t\t\t\t\t\t<span class=\"elementor-button-content-wrapper\">\n\t\t\t\t\t\t\t\t\t<span class=\"elementor-button-text\">More<\/span>\n\t\t\t\t\t<\/span>\n\t\t\t\t\t<\/a>\n\t\t\t\t<\/div>\n\t\t\t\t\t\t\t\t<\/div>\n\t\t\t\t<\/div>\n\t\t\t\t\t<\/div>\n\t\t<\/div>\n\t\t\t\t\t<\/div>\n\t\t<\/section>\n\t\t\t\t<section class=\"elementor-section elementor-top-section elementor-element elementor-element-1fb252d elementor-section-boxed elementor-section-height-default elementor-section-height-default\" data-id=\"1fb252d\" data-element_type=\"section\">\n\t\t\t\t\t\t<div class=\"elementor-container elementor-column-gap-default\">\n\t\t\t\t\t<div class=\"elementor-column elementor-col-100 elementor-top-column elementor-element elementor-element-89abebe\" data-id=\"89abebe\" data-element_type=\"column\">\n\t\t\t<div class=\"elementor-widget-wrap elementor-element-populated\">\n\t\t\t\t\t\t<div class=\"elementor-element elementor-element-1058cb2 elementor-widget elementor-widget-heading\" data-id=\"1058cb2\" data-element_type=\"widget\" data-widget_type=\"heading.default\">\n\t\t\t\t<div class=\"elementor-widget-container\">\n\t\t\t\t\t<h4 class=\"elementor-heading-title elementor-size-default\">In his work &quot;De revolutionibus orbium coelestium&quot; from 1543, Nicolaus Copernicus established a\ncompletely new view of things with his heliocentric worldview.<\/h4>\t\t\t\t<\/div>\n\t\t\t\t<\/div>\n\t\t\t\t<div class=\"elementor-element elementor-element-8a2d987 elementor-widget elementor-widget-heading\" data-id=\"8a2d987\" data-element_type=\"widget\" data-widget_type=\"heading.default\">\n\t\t\t\t<div class=\"elementor-widget-container\">\n\t\t\t\t\t<h5 class=\"elementor-heading-title elementor-size-default\">He thus triggered the &quot;Copernican revolution&quot;.<\/h5>\t\t\t\t<\/div>\n\t\t\t\t<\/div>\n\t\t\t\t<div class=\"elementor-element elementor-element-f51365a elementor-widget elementor-widget-text-editor\" data-id=\"f51365a\" data-element_type=\"widget\" data-widget_type=\"text-editor.default\">\n\t\t\t\t<div class=\"elementor-widget-container\">\n\t\t\t\t\t\t\t\t\t<p>So, Copernicus was an innovative scientist who wanted to think outside the box and didn&#039;t just take\nthings for granted. This attitude and values \u200b\u200bare also reflected in Kopernikus IT Systems \u2013 we think IT\nahead for our customers and see the big picture outside of the box.<br \/>Hence our logo, that is also based on the heliocentric world view, with the customer always standing\nin the middle, for whom IT simply has to work Today. Tomorrow. Always.<\/p><p>Hence our logo, that is also based on the heliocentric world view, with the customer always standing\nin the middle, for whom IT simply has to work Today. Tomorrow. Always.<\/p><p class=\"translation-block\">Due to the fact that the Managing Director of Kopernikus IT Systems not only shares the same first\nname with the great Kopernikus, but also has the same origin as him, the decision to name the\ncompany was further strengthened.<\/p>\t\t\t\t\t\t\t\t<\/div>\n\t\t\t\t<\/div>\n\t\t\t\t\t<\/div>\n\t\t<\/div>\n\t\t\t\t\t<\/div>\n\t\t<\/section>\n\t\t\t\t<\/div>","protected":false},"excerpt":{"rendered":"<p>Professionelle IT Services Profitieren Sie von 25 Jahren Erfahrung Jobs Auf der Suche nach einer neuen Herausforderung in der IT? More Services F\u00fcr Sie geht es um mehr, als IT und f\u00fcr uns geht es um Sie. More Kompetenzen Wir unterst\u00fctzen Sie bei allen Aufgaben in der IT! More Nikolaus Kopernikus begr\u00fcndete in seinem Werk &hellip;<\/p>\n<p class=\"read-more\"> <a class=\"\" href=\"https:\/\/kopernikus.at\/en\/\"> <span class=\"screen-reader-text\">Startseite<\/span> Read More &raquo;<\/a><\/p>","protected":false},"author":3,"featured_media":0,"parent":0,"menu_order":0,"comment_status":"closed","ping_status":"closed","template":"","meta":{"_acf_changed":false,"site-sidebar-layout":"no-sidebar","site-content-layout":"page-builder","ast-global-header-display":"","ast-main-header-display":"","ast-hfb-above-header-display":"","ast-hfb-below-header-display":"","ast-hfb-mobile-header-display":"","site-post-title":"disabled","ast-breadcrumbs-content":"","ast-featured-img":"disabled","footer-sml-layout":"","theme-transparent-header-meta":"","adv-header-id-meta":"","stick-header-meta":"","header-above-stick-meta":"","header-main-stick-meta":"","header-below-stick-meta":"","footnotes":""},"class_list":["post-1312","page","type-page","status-publish","hentry"],"acf":[],"_links":{"self":[{"href":"https:\/\/kopernikus.at\/en\/wp-json\/wp\/v2\/pages\/1312","targetHints":{"allow":["GET"]}}],"collection":[{"href":"https:\/\/kopernikus.at\/en\/wp-json\/wp\/v2\/pages"}],"about":[{"href":"https:\/\/kopernikus.at\/en\/wp-json\/wp\/v2\/types\/page"}],"author":[{"embeddable":true,"href":"https:\/\/kopernikus.at\/en\/wp-json\/wp\/v2\/users\/3"}],"replies":[{"embeddable":true,"href":"https:\/\/kopernikus.at\/en\/wp-json\/wp\/v2\/comments?post=1312"}],"version-history":[{"count":56,"href":"https:\/\/kopernikus.at\/en\/wp-json\/wp\/v2\/pages\/1312\/revisions"}],"predecessor-version":[{"id":1392,"href":"https:\/\/kopernikus.at\/en\/wp-json\/wp\/v2\/pages\/1312\/revisions\/1392"}],"wp:attachment":[{"href":"https:\/\/kopernikus.at\/en\/wp-json\/wp\/v2\/media?parent=1312"}],"curies":[{"name":"wp","href":"https:\/\/api.w.org\/{rel}","templated":true}]}}